{"id":11524,"date":"2021-03-28T17:24:29","date_gmt":"2021-03-28T15:24:29","guid":{"rendered":"https:\/\/www.tamaramelissa.cz\/contatti\/"},"modified":"2021-03-28T17:24:31","modified_gmt":"2021-03-28T15:24:31","slug":"contatti","status":"publish","type":"page","link":"https:\/\/www.tamaramelissa.cz\/it\/contatti\/","title":{"rendered":"Contatti"},"content":{"rendered":"\t\t<div data-elementor-type=\"wp-page\" data-elementor-id=\"11524\" class=\"elementor elementor-11524 elementor-9634\" data-elementor-post-type=\"page\">\n\t\t\t\t\t\t<section class=\"elementor-section elementor-top-section elementor-element elementor-element-6776c345 elementor-section-full_width elementor-section-height-min-height elementor-section-items-stretch elementor-section-content-middle elementor-section-height-default\" data-id=\"6776c345\" data-element_type=\"section\" data-settings=\"{&quot;background_background&quot;:&quot;classic&quot;}\">\n\t\t\t\t\t\t<div class=\"elementor-container elementor-column-gap-no\">\n\t\t\t\t\t<div class=\"elementor-column elementor-col-50 elementor-top-column elementor-element elementor-element-1c7a4352\" data-id=\"1c7a4352\" data-element_type=\"column\" data-settings=\"{&quot;background_background&quot;:&quot;classic&quot;}\">\n\t\t\t<div class=\"elementor-widget-wrap elementor-element-populated\">\n\t\t\t\t\t\t<div class=\"elementor-element elementor-element-3b5923ca elementor-widget elementor-widget-heading\" data-id=\"3b5923ca\" data-element_type=\"widget\" data-widget_type=\"heading.default\">\n\t\t\t\t<div class=\"elementor-widget-container\">\n\t\t\t\t\t<h2 class=\"elementor-heading-title elementor-size-default\">Contatti<\/h2>\t\t\t\t<\/div>\n\t\t\t\t<\/div>\n\t\t\t\t<section class=\"elementor-section elementor-inner-section elementor-element elementor-element-59b2e9b elementor-section-boxed elementor-section-height-default elementor-section-height-default\" data-id=\"59b2e9b\" data-element_type=\"section\">\n\t\t\t\t\t\t<div class=\"elementor-container elementor-column-gap-default\">\n\t\t\t\t\t<div class=\"elementor-column elementor-col-50 elementor-inner-column elementor-element elementor-element-1515d46\" data-id=\"1515d46\" data-element_type=\"column\">\n\t\t\t<div class=\"elementor-widget-wrap elementor-element-populated\">\n\t\t\t\t\t\t<div class=\"elementor-element elementor-element-b7c56c4 animated-slow elementor-invisible elementor-widget elementor-widget-text-editor\" data-id=\"b7c56c4\" data-element_type=\"widget\" data-settings=\"{&quot;_animation&quot;:&quot;fadeIn&quot;}\" data-widget_type=\"text-editor.default\">\n\t\t\t\t<div class=\"elementor-widget-container\">\n\t\t\t\t\t\t\t\t\t<p><strong>Mgr. Tamara Melissa<\/strong><br \/>I\u010c: 160 64 135<\/p>\n<p>5. kv\u011btna 173<br \/>252 66 Lib\u010dice nad Vltavou<\/p>\n\t\t\t\t\t\t\t\t<\/div>\n\t\t\t\t<\/div>\n\t\t\t\t<div class=\"elementor-element elementor-element-ee651bb elementor-icon-list--layout-inline elementor-align-left elementor-list-item-link-full_width elementor-widget elementor-widget-icon-list\" data-id=\"ee651bb\" data-element_type=\"widget\" data-widget_type=\"icon-list.default\">\n\t\t\t\t<div class=\"elementor-widget-container\">\n\t\t\t\t\t\t\t<ul class=\"elementor-icon-list-items elementor-inline-items\">\n\t\t\t\t\t\t\t<li class=\"elementor-icon-list-item elementor-inline-item\">\n\t\t\t\t\t\t\t\t\t\t\t<span class=\"elementor-icon-list-icon\">\n\t\t\t\t\t\t\t<svg xmlns=\"http:\/\/www.w3.org\/2000\/svg\" xmlns:xlink=\"http:\/\/www.w3.org\/1999\/xlink\" id=\"Layer_1\" x=\"0px\" y=\"0px\" viewBox=\"0 0 512 512\" style=\"enable-background:new 0 0 512 512;\" xml:space=\"preserve\"><g transform=\"translate(1 1)\">\t<g>\t\t<path d=\"M468.333-1H41.667C17.773-1-1,17.773-1,41.667v426.667C-1,492.227,17.773,511,41.667,511h196.267h102.4h128    C492.227,511,511,492.227,511,468.333V41.667C511,17.773,492.227-1,468.333-1z M255,493.933V323.267h-68.267V255H255v-59.733    c0-48.64,37.547-89.6,85.333-93.867h76.8v68.267h-68.267c-14.507,0-25.6,11.093-25.6,25.6V255H408.6v68.267h-85.333v170.667H255z     M493.933,468.333c0,14.507-11.093,25.6-25.6,25.6h-128v-153.6h85.333v-102.4h-85.333v-42.667c0-5.12,3.413-8.533,8.533-8.533    H434.2v-102.4h-94.72c-57.173,5.12-101.547,53.76-101.547,110.933v42.667h-68.267v102.4h68.267v153.6H41.667    c-14.507,0-25.6-11.093-25.6-25.6V41.667c0-14.507,11.093-25.6,25.6-25.6h426.667c14.507,0,25.6,11.093,25.6,25.6V468.333z\"><\/path>\t<\/g><\/g><g><\/g><g><\/g><g><\/g><g><\/g><g><\/g><g><\/g><g><\/g><g><\/g><g><\/g><g><\/g><g><\/g><g><\/g><g><\/g><g><\/g><g><\/g><\/svg>\t\t\t\t\t\t<\/span>\n\t\t\t\t\t\t\t\t\t\t<span class=\"elementor-icon-list-text\"><\/span>\n\t\t\t\t\t\t\t\t\t<\/li>\n\t\t\t\t\t\t\t\t<li class=\"elementor-icon-list-item elementor-inline-item\">\n\t\t\t\t\t\t\t\t\t\t\t<span class=\"elementor-icon-list-icon\">\n\t\t\t\t\t\t\t<svg xmlns=\"http:\/\/www.w3.org\/2000\/svg\" xmlns:xlink=\"http:\/\/www.w3.org\/1999\/xlink\" id=\"Layer_1\" x=\"0px\" y=\"0px\" viewBox=\"0 0 512 512\" style=\"enable-background:new 0 0 512 512;\" xml:space=\"preserve\"><g transform=\"translate(1 1)\">\t<g>\t\t<g>\t\t\t<path d=\"M365.08-1H144.92C64.707-1-1,64.707-1,144.92v220.16C-1,445.293,64.707,511,144.92,511h220.16     C445.293,511,511,445.293,511,365.08V144.92C511,64.707,445.293-1,365.08-1z M493.933,365.08     c0,70.827-58.027,128.853-128.853,128.853H144.92c-70.827,0-128.853-58.027-128.853-128.853V144.92     c0-70.827,58.027-128.853,128.853-128.853h220.16c70.827,0,128.853,58.027,128.853,128.853V365.08z\"><\/path>\t\t\t<path d=\"M365.08,50.2H144.92c-52.053,0-94.72,42.667-94.72,94.72v220.16c0,52.053,42.667,94.72,94.72,94.72h220.16     c52.053,0,94.72-42.667,94.72-94.72V144.92C459.8,92.867,417.133,50.2,365.08,50.2z M442.733,365.08     c0,42.667-34.987,77.653-77.653,77.653H144.92c-42.667,0-77.653-34.987-77.653-77.653V144.92     c0-42.667,34.987-77.653,77.653-77.653h220.16c42.667,0,77.653,34.987,77.653,77.653V365.08z\"><\/path>\t\t\t<path d=\"M255,118.467c-75.093,0-136.533,61.44-136.533,136.533S179.907,391.533,255,391.533S391.533,330.093,391.533,255     S330.093,118.467,255,118.467z M255,374.467c-65.707,0-119.467-53.76-119.467-119.467S189.293,135.533,255,135.533     S374.467,189.293,374.467,255S320.707,374.467,255,374.467z\"><\/path>\t\t\t<path d=\"M255,161.133c-52.053,0-93.867,41.813-93.867,93.867c0,52.053,41.813,93.867,93.867,93.867s93.867-41.813,93.867-93.867     S307.053,161.133,255,161.133z M255,331.8c-42.667,0-76.8-34.133-76.8-76.8c0-42.667,34.133-76.8,76.8-76.8     c42.667,0,76.8,34.133,76.8,76.8C331.8,297.667,297.667,331.8,255,331.8z\"><\/path>\t\t\t<path d=\"M391.533,92.867c-14.507,0-25.6,11.093-25.6,25.6s11.093,25.6,25.6,25.6c14.507,0,25.6-11.093,25.6-25.6     S406.04,92.867,391.533,92.867z\"><\/path>\t\t<\/g>\t<\/g><\/g><g><\/g><g><\/g><g><\/g><g><\/g><g><\/g><g><\/g><g><\/g><g><\/g><g><\/g><g><\/g><g><\/g><g><\/g><g><\/g><g><\/g><g><\/g><\/svg>\t\t\t\t\t\t<\/span>\n\t\t\t\t\t\t\t\t\t\t<span class=\"elementor-icon-list-text\"><\/span>\n\t\t\t\t\t\t\t\t\t<\/li>\n\t\t\t\t\t\t<\/ul>\n\t\t\t\t\t\t<\/div>\n\t\t\t\t<\/div>\n\t\t\t\t\t<\/div>\n\t\t<\/div>\n\t\t\t\t<div class=\"elementor-column elementor-col-50 elementor-inner-column elementor-element elementor-element-2aff9cf\" data-id=\"2aff9cf\" data-element_type=\"column\">\n\t\t\t<div class=\"elementor-widget-wrap elementor-element-populated\">\n\t\t\t\t\t\t<div class=\"elementor-element elementor-element-256ac7e6 animated-slow elementor-invisible elementor-widget elementor-widget-text-editor\" data-id=\"256ac7e6\" data-element_type=\"widget\" data-settings=\"{&quot;_animation&quot;:&quot;fadeIn&quot;}\" data-widget_type=\"text-editor.default\">\n\t\t\t\t<div class=\"elementor-widget-container\">\n\t\t\t\t\t\t\t\t\t<p><strong>Telefono:<\/strong><br \/>\n+420 604 835 943<\/p>\n<p><strong>Email:<\/strong><br \/>\ncestazeny@tamaramelissa.cz<\/p>\n\t\t\t\t\t\t\t\t<\/div>\n\t\t\t\t<\/div>\n\t\t\t\t\t<\/div>\n\t\t<\/div>\n\t\t\t\t\t<\/div>\n\t\t<\/section>\n\t\t\t\t<section class=\"elementor-section elementor-inner-section elementor-element elementor-element-00cd43a elementor-section-boxed elementor-section-height-default elementor-section-height-default\" data-id=\"00cd43a\" data-element_type=\"section\">\n\t\t\t\t\t\t<div class=\"elementor-container elementor-column-gap-default\">\n\t\t\t\t\t<div class=\"elementor-column elementor-col-100 elementor-inner-column elementor-element elementor-element-e393bd2\" data-id=\"e393bd2\" data-element_type=\"column\">\n\t\t\t<div class=\"elementor-widget-wrap elementor-element-populated\">\n\t\t\t\t\t\t<div class=\"elementor-element elementor-element-7574472 animated-slow elementor-invisible elementor-widget elementor-widget-text-editor\" data-id=\"7574472\" data-element_type=\"widget\" data-settings=\"{&quot;_animation&quot;:&quot;fadeIn&quot;}\" data-widget_type=\"text-editor.default\">\n\t\t\t\t<div class=\"elementor-widget-container\">\n\t\t\t\t\t\t\t\t\t<p><strong>Tamara Melissa &#8211; Cesta \u017deny, s.r.o.\u00a0<\/strong><br \/>I\u010c: 056 42 027<\/p>\n<p>5. kv\u011btna 173<br \/>252 66 Lib\u010dice nad Vltavou<\/p>\n<p>spole\u010dnost zapsan\u00e1 19. prosince 2016 v obchodn\u00edm rejst\u0159\u00edku u M\u011bstsk\u00e9ho soudu v Praze, odd\u00edl C, vlo\u017eka 268150<\/p>\n\t\t\t\t\t\t\t\t<\/div>\n\t\t\t\t<\/div>\n\t\t\t\t<div class=\"elementor-element elementor-element-42b3b7a elementor-icon-list--layout-inline elementor-align-left elementor-list-item-link-full_width elementor-widget elementor-widget-icon-list\" data-id=\"42b3b7a\" data-element_type=\"widget\" data-widget_type=\"icon-list.default\">\n\t\t\t\t<div class=\"elementor-widget-container\">\n\t\t\t\t\t\t\t<ul class=\"elementor-icon-list-items elementor-inline-items\">\n\t\t\t\t\t\t\t<li class=\"elementor-icon-list-item elementor-inline-item\">\n\t\t\t\t\t\t\t\t\t\t\t<span class=\"elementor-icon-list-icon\">\n\t\t\t\t\t\t\t<svg xmlns=\"http:\/\/www.w3.org\/2000\/svg\" xmlns:xlink=\"http:\/\/www.w3.org\/1999\/xlink\" id=\"Layer_1\" x=\"0px\" y=\"0px\" viewBox=\"0 0 512 512\" style=\"enable-background:new 0 0 512 512;\" xml:space=\"preserve\"><g transform=\"translate(1 1)\">\t<g>\t\t<path d=\"M468.333-1H41.667C17.773-1-1,17.773-1,41.667v426.667C-1,492.227,17.773,511,41.667,511h196.267h102.4h128    C492.227,511,511,492.227,511,468.333V41.667C511,17.773,492.227-1,468.333-1z M255,493.933V323.267h-68.267V255H255v-59.733    c0-48.64,37.547-89.6,85.333-93.867h76.8v68.267h-68.267c-14.507,0-25.6,11.093-25.6,25.6V255H408.6v68.267h-85.333v170.667H255z     M493.933,468.333c0,14.507-11.093,25.6-25.6,25.6h-128v-153.6h85.333v-102.4h-85.333v-42.667c0-5.12,3.413-8.533,8.533-8.533    H434.2v-102.4h-94.72c-57.173,5.12-101.547,53.76-101.547,110.933v42.667h-68.267v102.4h68.267v153.6H41.667    c-14.507,0-25.6-11.093-25.6-25.6V41.667c0-14.507,11.093-25.6,25.6-25.6h426.667c14.507,0,25.6,11.093,25.6,25.6V468.333z\"><\/path>\t<\/g><\/g><g><\/g><g><\/g><g><\/g><g><\/g><g><\/g><g><\/g><g><\/g><g><\/g><g><\/g><g><\/g><g><\/g><g><\/g><g><\/g><g><\/g><g><\/g><\/svg>\t\t\t\t\t\t<\/span>\n\t\t\t\t\t\t\t\t\t\t<span class=\"elementor-icon-list-text\"><\/span>\n\t\t\t\t\t\t\t\t\t<\/li>\n\t\t\t\t\t\t\t\t<li class=\"elementor-icon-list-item elementor-inline-item\">\n\t\t\t\t\t\t\t\t\t\t\t<span class=\"elementor-icon-list-icon\">\n\t\t\t\t\t\t\t<svg xmlns=\"http:\/\/www.w3.org\/2000\/svg\" xmlns:xlink=\"http:\/\/www.w3.org\/1999\/xlink\" id=\"Layer_1\" x=\"0px\" y=\"0px\" viewBox=\"0 0 512 512\" style=\"enable-background:new 0 0 512 512;\" xml:space=\"preserve\"><g transform=\"translate(1 1)\">\t<g>\t\t<g>\t\t\t<path d=\"M365.08-1H144.92C64.707-1-1,64.707-1,144.92v220.16C-1,445.293,64.707,511,144.92,511h220.16     C445.293,511,511,445.293,511,365.08V144.92C511,64.707,445.293-1,365.08-1z M493.933,365.08     c0,70.827-58.027,128.853-128.853,128.853H144.92c-70.827,0-128.853-58.027-128.853-128.853V144.92     c0-70.827,58.027-128.853,128.853-128.853h220.16c70.827,0,128.853,58.027,128.853,128.853V365.08z\"><\/path>\t\t\t<path d=\"M365.08,50.2H144.92c-52.053,0-94.72,42.667-94.72,94.72v220.16c0,52.053,42.667,94.72,94.72,94.72h220.16     c52.053,0,94.72-42.667,94.72-94.72V144.92C459.8,92.867,417.133,50.2,365.08,50.2z M442.733,365.08     c0,42.667-34.987,77.653-77.653,77.653H144.92c-42.667,0-77.653-34.987-77.653-77.653V144.92     c0-42.667,34.987-77.653,77.653-77.653h220.16c42.667,0,77.653,34.987,77.653,77.653V365.08z\"><\/path>\t\t\t<path d=\"M255,118.467c-75.093,0-136.533,61.44-136.533,136.533S179.907,391.533,255,391.533S391.533,330.093,391.533,255     S330.093,118.467,255,118.467z M255,374.467c-65.707,0-119.467-53.76-119.467-119.467S189.293,135.533,255,135.533     S374.467,189.293,374.467,255S320.707,374.467,255,374.467z\"><\/path>\t\t\t<path d=\"M255,161.133c-52.053,0-93.867,41.813-93.867,93.867c0,52.053,41.813,93.867,93.867,93.867s93.867-41.813,93.867-93.867     S307.053,161.133,255,161.133z M255,331.8c-42.667,0-76.8-34.133-76.8-76.8c0-42.667,34.133-76.8,76.8-76.8     c42.667,0,76.8,34.133,76.8,76.8C331.8,297.667,297.667,331.8,255,331.8z\"><\/path>\t\t\t<path d=\"M391.533,92.867c-14.507,0-25.6,11.093-25.6,25.6s11.093,25.6,25.6,25.6c14.507,0,25.6-11.093,25.6-25.6     S406.04,92.867,391.533,92.867z\"><\/path>\t\t<\/g>\t<\/g><\/g><g><\/g><g><\/g><g><\/g><g><\/g><g><\/g><g><\/g><g><\/g><g><\/g><g><\/g><g><\/g><g><\/g><g><\/g><g><\/g><g><\/g><g><\/g><\/svg>\t\t\t\t\t\t<\/span>\n\t\t\t\t\t\t\t\t\t\t<span class=\"elementor-icon-list-text\"><\/span>\n\t\t\t\t\t\t\t\t\t<\/li>\n\t\t\t\t\t\t<\/ul>\n\t\t\t\t\t\t<\/div>\n\t\t\t\t<\/div>\n\t\t\t\t\t<\/div>\n\t\t<\/div>\n\t\t\t\t\t<\/div>\n\t\t<\/section>\n\t\t\t\t\t<\/div>\n\t\t<\/div>\n\t\t\t\t<div class=\"elementor-column elementor-col-50 elementor-top-column elementor-element elementor-element-784085c\" data-id=\"784085c\" data-element_type=\"column\" data-settings=\"{&quot;background_background&quot;:&quot;classic&quot;}\">\n\t\t\t<div class=\"elementor-widget-wrap elementor-element-populated\">\n\t\t\t\t\t\t<div class=\"elementor-element elementor-element-71bf2cfb elementor-widget elementor-widget-spacer\" data-id=\"71bf2cfb\" data-element_type=\"widget\" data-widget_type=\"spacer.default\">\n\t\t\t\t<div class=\"elementor-widget-container\">\n\t\t\t\t\t\t\t<div class=\"elementor-spacer\">\n\t\t\t<div class=\"elementor-spacer-inner\"><\/div>\n\t\t<\/div>\n\t\t\t\t\t\t<\/div>\n\t\t\t\t<\/div>\n\t\t\t\t\t<\/div>\n\t\t<\/div>\n\t\t\t\t\t<\/div>\n\t\t<\/section>\n\t\t\t\t<section class=\"elementor-section elementor-top-section elementor-element elementor-element-29541b22 elementor-section-boxed elementor-section-height-default elementor-section-height-default\" data-id=\"29541b22\" data-element_type=\"section\" data-settings=\"{&quot;background_background&quot;:&quot;classic&quot;}\">\n\t\t\t\t\t\t<div class=\"elementor-container elementor-column-gap-no\">\n\t\t\t\t\t<div class=\"elementor-column elementor-col-100 elementor-top-column elementor-element elementor-element-7ada1d15\" data-id=\"7ada1d15\" data-element_type=\"column\">\n\t\t\t<div class=\"elementor-widget-wrap elementor-element-populated\">\n\t\t\t\t\t\t<section class=\"elementor-section elementor-inner-section elementor-element elementor-element-1cd2026d elementor-section-boxed elementor-section-height-default elementor-section-height-default\" data-id=\"1cd2026d\" data-element_type=\"section\">\n\t\t\t\t\t\t<div class=\"elementor-container elementor-column-gap-no\">\n\t\t\t\t\t<div class=\"elementor-column elementor-col-100 elementor-inner-column elementor-element elementor-element-3d2b9b90\" data-id=\"3d2b9b90\" data-element_type=\"column\">\n\t\t\t<div class=\"elementor-widget-wrap elementor-element-populated\">\n\t\t\t\t\t\t<div class=\"elementor-element elementor-element-66bbfd0 elementor-widget elementor-widget-heading\" data-id=\"66bbfd0\" data-element_type=\"widget\" data-widget_type=\"heading.default\">\n\t\t\t\t<div class=\"elementor-widget-container\">\n\t\t\t\t\t<h2 class=\"elementor-heading-title elementor-size-default\">La nostra squadra<\/h2>\t\t\t\t<\/div>\n\t\t\t\t<\/div>\n\t\t\t\t\t<\/div>\n\t\t<\/div>\n\t\t\t\t\t<\/div>\n\t\t<\/section>\n\t\t\t\t<section class=\"elementor-section elementor-inner-section elementor-element elementor-element-2dabaa1 elementor-section-boxed elementor-section-height-default elementor-section-height-default\" data-id=\"2dabaa1\" data-element_type=\"section\">\n\t\t\t\t\t\t<div class=\"elementor-container elementor-column-gap-no\">\n\t\t\t\t\t<div class=\"elementor-column elementor-col-33 elementor-inner-column elementor-element elementor-element-6ebc7bf\" data-id=\"6ebc7bf\" data-element_type=\"column\">\n\t\t\t<div class=\"elementor-widget-wrap elementor-element-populated\">\n\t\t\t\t\t\t<div class=\"elementor-element elementor-element-4796875 elementor-widget elementor-widget-jet-team-member\" data-id=\"4796875\" data-element_type=\"widget\" data-widget_type=\"jet-team-member.default\">\n\t\t\t\t<div class=\"elementor-widget-container\">\n\t\t\t\t\t<div class=\"elementor-jet-team-member jet-elements\"><div class=\"jet-team-member\">\n\t<div class=\"jet-team-member__inner\">\n\t\t<div class=\"jet-team-member__image\">\n\t\t\t<div class=\"jet-team-member__cover\"><\/div>\n\t\t\t<figure class=\"jet-team-member__figure\"><img fetchpriority=\"high\" decoding=\"async\" width=\"250\" height=\"250\" src=\"https:\/\/www.tamaramelissa.cz\/wp-content\/uploads\/2021\/01\/Zuzka1.jpg\" class=\"jet-team-member__img-tag\" alt=\"Zuzka1\" srcset=\"https:\/\/www.tamaramelissa.cz\/wp-content\/uploads\/2021\/01\/Zuzka1.jpg 250w, https:\/\/www.tamaramelissa.cz\/wp-content\/uploads\/2021\/01\/Zuzka1-150x150.jpg 150w, https:\/\/www.tamaramelissa.cz\/wp-content\/uploads\/2021\/01\/Zuzka1-100x100.jpg 100w\" sizes=\"(max-width: 250px) 100vw, 250px\" \/><\/figure>\t\t<\/div>\n\t\t<div class=\"jet-team-member__content\"><h3 class=\"jet-team-member__name\"><span class=\"jet-team-member__name-first\">Ing. Mgr. Zuzka<\/span><span class=\"jet-team-member__name-last\"> Pelcov\u00e1<\/span><\/h3><div class=\"jet-team-member__position\"><span>asistentka - organizace, PR<\/span><\/div><p class=\"jet-team-member__desc\">Telefono: 775 987 967<br\/>\r\nEmail: zuzka@tamaramelissa.cz<br\/>\r\n<i>Kontaktovat m\u011b m\u016f\u017eete v pracovn\u00ed dny<br\/>\r\n9 - 17.30 h. D\u011bkuji \ud83d\ude42<\/i><\/p><div class=\"jet-team-member__socials\"><div class=\"jet-team-member__socials-item\"><a href=\"#\" aria-label=\"\"><span class=\"jet-team-member__socials-label\"><\/span><\/a><\/div><\/div><\/div>\n\t<\/div>\n<\/div>\n<\/div>\t\t\t\t<\/div>\n\t\t\t\t<\/div>\n\t\t\t\t\t<\/div>\n\t\t<\/div>\n\t\t\t\t<div class=\"elementor-column elementor-col-33 elementor-inner-column elementor-element elementor-element-0245f6f\" data-id=\"0245f6f\" data-element_type=\"column\">\n\t\t\t<div class=\"elementor-widget-wrap elementor-element-populated\">\n\t\t\t\t\t\t<div class=\"elementor-element elementor-element-5807099 elementor-widget elementor-widget-jet-team-member\" data-id=\"5807099\" data-element_type=\"widget\" data-widget_type=\"jet-team-member.default\">\n\t\t\t\t<div class=\"elementor-widget-container\">\n\t\t\t\t\t<div class=\"elementor-jet-team-member jet-elements\"><div class=\"jet-team-member\">\n\t<div class=\"jet-team-member__inner\">\n\t\t<div class=\"jet-team-member__image\">\n\t\t\t<div class=\"jet-team-member__cover\"><\/div>\n\t\t\t<figure class=\"jet-team-member__figure\"><img decoding=\"async\" width=\"250\" height=\"250\" src=\"https:\/\/www.tamaramelissa.cz\/wp-content\/uploads\/2021\/01\/ilona.jpg\" class=\"jet-team-member__img-tag\" alt=\"ilona\" srcset=\"https:\/\/www.tamaramelissa.cz\/wp-content\/uploads\/2021\/01\/ilona.jpg 250w, https:\/\/www.tamaramelissa.cz\/wp-content\/uploads\/2021\/01\/ilona-150x150.jpg 150w, https:\/\/www.tamaramelissa.cz\/wp-content\/uploads\/2021\/01\/ilona-100x100.jpg 100w\" sizes=\"(max-width: 250px) 100vw, 250px\" \/><\/figure>\t\t<\/div>\n\t\t<div class=\"jet-team-member__content\"><h3 class=\"jet-team-member__name\"><span class=\"jet-team-member__name-first\">MUDr. Jana<\/span><span class=\"jet-team-member__name-last\"> Uhrinov\u00e1<\/span><\/h3><div class=\"jet-team-member__position\"><span>asistentka b\u011bhem ritu\u00e1l\u016f<\/span><\/div><p class=\"jet-team-member__desc\">Telefono: 777 286 264<br\/>\r\nEmail:  jana.uhrinova@email.cz<br\/>\r\n<i>\"M\u016fj \u017eivot napl\u0148uje, \u017ee mohu podporovat l\u00e9\u010den\u00ed, kter\u00e9 mi d\u00e1v\u00e1 smysl.\"<\/i><\/p><div class=\"jet-team-member__socials\"><div class=\"jet-team-member__socials-item\"><a href=\"#\" aria-label=\"\"><span class=\"jet-team-member__socials-label\"><\/span><\/a><\/div><\/div><\/div>\n\t<\/div>\n<\/div>\n<\/div>\t\t\t\t<\/div>\n\t\t\t\t<\/div>\n\t\t\t\t\t<\/div>\n\t\t<\/div>\n\t\t\t\t<div class=\"elementor-column elementor-col-33 elementor-inner-column elementor-element elementor-element-90682e6\" data-id=\"90682e6\" data-element_type=\"column\">\n\t\t\t<div class=\"elementor-widget-wrap elementor-element-populated\">\n\t\t\t\t\t\t<div class=\"elementor-element elementor-element-7f1f737 elementor-widget elementor-widget-jet-team-member\" data-id=\"7f1f737\" data-element_type=\"widget\" data-widget_type=\"jet-team-member.default\">\n\t\t\t\t<div class=\"elementor-widget-container\">\n\t\t\t\t\t<div class=\"elementor-jet-team-member jet-elements\"><div class=\"jet-team-member\">\n\t<div class=\"jet-team-member__inner\">\n\t\t<div class=\"jet-team-member__image\">\n\t\t\t<div class=\"jet-team-member__cover\"><\/div>\n\t\t\t<figure class=\"jet-team-member__figure\"><img decoding=\"async\" width=\"250\" height=\"250\" src=\"https:\/\/www.tamaramelissa.cz\/wp-content\/uploads\/2021\/01\/graficka.jpg\" class=\"jet-team-member__img-tag\" alt=\"graficka\" srcset=\"https:\/\/www.tamaramelissa.cz\/wp-content\/uploads\/2021\/01\/graficka.jpg 250w, https:\/\/www.tamaramelissa.cz\/wp-content\/uploads\/2021\/01\/graficka-150x150.jpg 150w, https:\/\/www.tamaramelissa.cz\/wp-content\/uploads\/2021\/01\/graficka-100x100.jpg 100w\" sizes=\"(max-width: 250px) 100vw, 250px\" \/><\/figure>\t\t<\/div>\n\t\t<div class=\"jet-team-member__content\"><h3 class=\"jet-team-member__name\"><span class=\"jet-team-member__name-first\">Ilona<\/span><span class=\"jet-team-member__name-last\"> Melicharov\u00e1<\/span><\/h3><div class=\"jet-team-member__position\"><span>grafika<\/span><\/div><p class=\"jet-team-member__desc\">Telefono: 734 142 542<br\/>\r\nEmail: cokoliv@zevlounov.cz<br\/>\r\n<i>www.zevlounov.cz<\/i><br\/><br\/><\/p><div class=\"jet-team-member__socials\"><div class=\"jet-team-member__socials-item\"><a href=\"#\" aria-label=\"\"><span class=\"jet-team-member__socials-label\"><\/span><\/a><\/div><\/div><\/div>\n\t<\/div>\n<\/div>\n<\/div>\t\t\t\t<\/div>\n\t\t\t\t<\/div>\n\t\t\t\t\t<\/div>\n\t\t<\/div>\n\t\t\t\t\t<\/div>\n\t\t<\/section>\n\t\t\t\t\t<\/div>\n\t\t<\/div>\n\t\t\t\t\t<\/div>\n\t\t<\/section>\n\t\t\t\t<\/div>\n\t\t","protected":false},"excerpt":{"rendered":"<p>Contatti Mgr. Tamara MelissaI\u010c: 160 64 135 5. kv\u011btna 173252 66 Lib\u010dice nad Vltavou Telefono: +420 604 835 943 Email: cestazeny@tamaramelissa.cz Tamara Melissa &#8211; Cesta \u017deny, s.r.o.\u00a0I\u010c: 056 42 027 5. kv\u011btna 173252 66 Lib\u010dice nad Vltavou spole\u010dnost zapsan\u00e1 19. prosince 2016 v obchodn\u00edm rejst\u0159\u00edku u M\u011bstsk\u00e9ho soudu v Praze, odd\u00edl C, vlo\u017eka 268150 La [&hellip;]<\/p>\n","protected":false},"author":1,"featured_media":0,"parent":0,"menu_order":0,"comment_status":"closed","ping_status":"closed","template":"elementor_header_footer","meta":{"footnotes":""},"class_list":["post-11524","page","type-page","status-publish","hentry"],"aioseo_notices":[],"_links":{"self":[{"href":"https:\/\/www.tamaramelissa.cz\/it\/wp-json\/wp\/v2\/pages\/11524","targetHints":{"allow":["GET"]}}],"collection":[{"href":"https:\/\/www.tamaramelissa.cz\/it\/wp-json\/wp\/v2\/pages"}],"about":[{"href":"https:\/\/www.tamaramelissa.cz\/it\/wp-json\/wp\/v2\/types\/page"}],"author":[{"embeddable":true,"href":"https:\/\/www.tamaramelissa.cz\/it\/wp-json\/wp\/v2\/users\/1"}],"replies":[{"embeddable":true,"href":"https:\/\/www.tamaramelissa.cz\/it\/wp-json\/wp\/v2\/comments?post=11524"}],"version-history":[{"count":0,"href":"https:\/\/www.tamaramelissa.cz\/it\/wp-json\/wp\/v2\/pages\/11524\/revisions"}],"wp:attachment":[{"href":"https:\/\/www.tamaramelissa.cz\/it\/wp-json\/wp\/v2\/media?parent=11524"}],"curies":[{"name":"wp","href":"https:\/\/api.w.org\/{rel}","templated":true}]}}